{"id":741,"date":"2023-10-16T08:30:49","date_gmt":"2023-10-16T06:30:49","guid":{"rendered":"https:\/\/gambinieditore.studiozerocinque.it\/prodotto\/la-bambina-che-salvo-la-principessa-nella-torre\/"},"modified":"2025-09-11T10:00:54","modified_gmt":"2025-09-11T08:00:54","slug":"la-bambina-che-salvo-la-principessa-nella-torre","status":"publish","type":"product","link":"https:\/\/gambinieditore.studiozerocinque.it\/?product=la-bambina-che-salvo-la-principessa-nella-torre","title":{"rendered":"La bambina che salv\u00f2 la principessa nella torre"},"content":{"rendered":"<p>La tradizione pi\u00f9 consolidata delle fiabe vuole che sia il principe a salvare la principessa. Questa raccolta &#8211; nella classica struttura a scatole cinesi &#8211; prevede, al contrario, che sia la bambina a liberarla: la vedremo avventurarsi all\u2019interno di un\u2019alta torre, stanza dopo stanza, fino ad arrivare nel punto pi\u00f9 alto dove la principessa \u00e8 stata rinchiusa. Inseguita da un brutto cagnaccio nero, incontrer\u00e0 nuove amiche e tante avventure fino a ricostruire il \u201ccome e il perch\u00e9\u201d la principessa sia stata imprigionata. Un libro di fiabe, collegate l\u2019una all\u2019altra a comporre una storia pi\u00f9 ampia: quella di una bambina che s\u00ec fa grande attraverso le \u201cprove magiche\u201d a cui il suo viaggio la sottopone.\u00a0<\/p>\n","protected":false},"excerpt":{"rendered":"<p>La bambina che salv\u00f2 la principessa nella torre. Fiaba di Ambra Antonelli &#8211; Illustrazioni di Valentina Trona\u00a0<\/p>\n","protected":false},"featured_media":740,"comment_status":"open","ping_status":"closed","template":"","meta":[],"product_brand":[],"product_cat":[17,18,24,31],"product_tag":[],"class_list":{"0":"post-741","1":"product","2":"type-product","3":"status-publish","4":"has-post-thumbnail","6":"product_cat-catalogo","7":"product_cat-libri","8":"product_cat-novita","9":"product_cat-bambini-e-ragazzi","11":"first","12":"instock","13":"shipping-taxable","14":"purchasable","15":"product-type-simple"},"yoast_head":"<!-- This site is optimized with the Yoast SEO plugin v25.9 - https:\/\/yoast.com\/wordpress\/plugins\/seo\/ -->\n<title>La bambina che salv\u00f2 la principessa nella torre - Gambini Editore<\/title>\n<meta name=\"robots\" content=\"noindex, follow, max-snippet:-1, max-image-preview:large, max-video-preview:-1\" \/>\n<meta property=\"og:locale\" content=\"it_IT\" \/>\n<meta property=\"og:type\" content=\"article\" \/>\n<meta property=\"og:title\" content=\"La bambina che salv\u00f2 la principessa nella torre - Gambini Editore\" \/>\n<meta property=\"og:description\" content=\"La bambina che salv\u00f2 la principessa nella torre. Fiaba di Ambra Antonelli - Illustrazioni di Valentina Trona\u00a0\" \/>\n<meta property=\"og:url\" content=\"https:\/\/gambinieditore.studiozerocinque.it\/?product=la-bambina-che-salvo-la-principessa-nella-torre\" \/>\n<meta property=\"og:site_name\" content=\"Gambini Editore\" \/>\n<meta property=\"article:modified_time\" content=\"2025-09-11T08:00:54+00:00\" \/>\n<meta property=\"og:image\" content=\"https:\/\/gambinieditore.studiozerocinque.it\/wp-content\/uploads\/2023\/10\/410-La-bambina-che-salvo-la-principessa-nella-torre.jpg\" \/>\n\t<meta property=\"og:image:width\" content=\"884\" \/>\n\t<meta property=\"og:image:height\" content=\"1280\" \/>\n\t<meta property=\"og:image:type\" content=\"image\/jpeg\" \/>\n<meta name=\"twitter:card\" content=\"summary_large_image\" \/>\n<meta name=\"twitter:label1\" content=\"Tempo di lettura stimato\" \/>\n\t<meta name=\"twitter:data1\" content=\"1 minuto\" \/>\n<script type=\"application\/ld+json\" class=\"yoast-schema-graph\">{\"@context\":\"https:\/\/schema.org\",\"@graph\":[{\"@type\":\"WebPage\",\"@id\":\"https:\/\/gambinieditore.studiozerocinque.it\/?product=la-bambina-che-salvo-la-principessa-nella-torre\",\"url\":\"https:\/\/gambinieditore.studiozerocinque.it\/?product=la-bambina-che-salvo-la-principessa-nella-torre\",\"name\":\"La bambina che salv\u00f2 la principessa nella torre - Gambini Editore\",\"isPartOf\":{\"@id\":\"https:\/\/gambinieditore.studiozerocinque.it\/#website\"},\"primaryImageOfPage\":{\"@id\":\"https:\/\/gambinieditore.studiozerocinque.it\/?product=la-bambina-che-salvo-la-principessa-nella-torre#primaryimage\"},\"image\":{\"@id\":\"https:\/\/gambinieditore.studiozerocinque.it\/?product=la-bambina-che-salvo-la-principessa-nella-torre#primaryimage\"},\"thumbnailUrl\":\"https:\/\/gambinieditore.studiozerocinque.it\/wp-content\/uploads\/2023\/10\/410-La-bambina-che-salvo-la-principessa-nella-torre.jpg\",\"datePublished\":\"2023-10-16T06:30:49+00:00\",\"dateModified\":\"2025-09-11T08:00:54+00:00\",\"breadcrumb\":{\"@id\":\"https:\/\/gambinieditore.studiozerocinque.it\/?product=la-bambina-che-salvo-la-principessa-nella-torre#breadcrumb\"},\"inLanguage\":\"it-IT\",\"potentialAction\":[{\"@type\":\"ReadAction\",\"target\":[\"https:\/\/gambinieditore.studiozerocinque.it\/?product=la-bambina-che-salvo-la-principessa-nella-torre\"]}]},{\"@type\":\"ImageObject\",\"inLanguage\":\"it-IT\",\"@id\":\"https:\/\/gambinieditore.studiozerocinque.it\/?product=la-bambina-che-salvo-la-principessa-nella-torre#primaryimage\",\"url\":\"https:\/\/gambinieditore.studiozerocinque.it\/wp-content\/uploads\/2023\/10\/410-La-bambina-che-salvo-la-principessa-nella-torre.jpg\",\"contentUrl\":\"https:\/\/gambinieditore.studiozerocinque.it\/wp-content\/uploads\/2023\/10\/410-La-bambina-che-salvo-la-principessa-nella-torre.jpg\",\"width\":884,\"height\":1280,\"caption\":\"La bambina che salv\u00f2 la principessa nella torre\"},{\"@type\":\"BreadcrumbList\",\"@id\":\"https:\/\/gambinieditore.studiozerocinque.it\/?product=la-bambina-che-salvo-la-principessa-nella-torre#breadcrumb\",\"itemListElement\":[{\"@type\":\"ListItem\",\"position\":1,\"name\":\"Home\",\"item\":\"https:\/\/gambinieditore.studiozerocinque.it\/\"},{\"@type\":\"ListItem\",\"position\":2,\"name\":\"Catalogo\",\"item\":\"https:\/\/gambinieditore.studiozerocinque.it\/?page_id=7\"},{\"@type\":\"ListItem\",\"position\":3,\"name\":\"La bambina che salv\u00f2 la principessa nella torre\"}]},{\"@type\":\"WebSite\",\"@id\":\"https:\/\/gambinieditore.studiozerocinque.it\/#website\",\"url\":\"https:\/\/gambinieditore.studiozerocinque.it\/\",\"name\":\"Gambini Editore\",\"description\":\"\",\"potentialAction\":[{\"@type\":\"SearchAction\",\"target\":{\"@type\":\"EntryPoint\",\"urlTemplate\":\"https:\/\/gambinieditore.studiozerocinque.it\/?s={search_term_string}\"},\"query-input\":{\"@type\":\"PropertyValueSpecification\",\"valueRequired\":true,\"valueName\":\"search_term_string\"}}],\"inLanguage\":\"it-IT\"}]}<\/script>\n<!-- \/ Yoast SEO plugin. -->","yoast_head_json":{"title":"La bambina che salv\u00f2 la principessa nella torre - Gambini Editore","robots":{"index":"noindex","follow":"follow","max-snippet":"max-snippet:-1","max-image-preview":"max-image-preview:large","max-video-preview":"max-video-preview:-1"},"og_locale":"it_IT","og_type":"article","og_title":"La bambina che salv\u00f2 la principessa nella torre - Gambini Editore","og_description":"La bambina che salv\u00f2 la principessa nella torre. Fiaba di Ambra Antonelli - Illustrazioni di Valentina Trona\u00a0","og_url":"https:\/\/gambinieditore.studiozerocinque.it\/?product=la-bambina-che-salvo-la-principessa-nella-torre","og_site_name":"Gambini Editore","article_modified_time":"2025-09-11T08:00:54+00:00","og_image":[{"width":884,"height":1280,"url":"https:\/\/gambinieditore.studiozerocinque.it\/wp-content\/uploads\/2023\/10\/410-La-bambina-che-salvo-la-principessa-nella-torre.jpg","type":"image\/jpeg"}],"twitter_card":"summary_large_image","twitter_misc":{"Tempo di lettura stimato":"1 minuto"},"schema":{"@context":"https:\/\/schema.org","@graph":[{"@type":"WebPage","@id":"https:\/\/gambinieditore.studiozerocinque.it\/?product=la-bambina-che-salvo-la-principessa-nella-torre","url":"https:\/\/gambinieditore.studiozerocinque.it\/?product=la-bambina-che-salvo-la-principessa-nella-torre","name":"La bambina che salv\u00f2 la principessa nella torre - Gambini Editore","isPartOf":{"@id":"https:\/\/gambinieditore.studiozerocinque.it\/#website"},"primaryImageOfPage":{"@id":"https:\/\/gambinieditore.studiozerocinque.it\/?product=la-bambina-che-salvo-la-principessa-nella-torre#primaryimage"},"image":{"@id":"https:\/\/gambinieditore.studiozerocinque.it\/?product=la-bambina-che-salvo-la-principessa-nella-torre#primaryimage"},"thumbnailUrl":"https:\/\/gambinieditore.studiozerocinque.it\/wp-content\/uploads\/2023\/10\/410-La-bambina-che-salvo-la-principessa-nella-torre.jpg","datePublished":"2023-10-16T06:30:49+00:00","dateModified":"2025-09-11T08:00:54+00:00","breadcrumb":{"@id":"https:\/\/gambinieditore.studiozerocinque.it\/?product=la-bambina-che-salvo-la-principessa-nella-torre#breadcrumb"},"inLanguage":"it-IT","potentialAction":[{"@type":"ReadAction","target":["https:\/\/gambinieditore.studiozerocinque.it\/?product=la-bambina-che-salvo-la-principessa-nella-torre"]}]},{"@type":"ImageObject","inLanguage":"it-IT","@id":"https:\/\/gambinieditore.studiozerocinque.it\/?product=la-bambina-che-salvo-la-principessa-nella-torre#primaryimage","url":"https:\/\/gambinieditore.studiozerocinque.it\/wp-content\/uploads\/2023\/10\/410-La-bambina-che-salvo-la-principessa-nella-torre.jpg","contentUrl":"https:\/\/gambinieditore.studiozerocinque.it\/wp-content\/uploads\/2023\/10\/410-La-bambina-che-salvo-la-principessa-nella-torre.jpg","width":884,"height":1280,"caption":"La bambina che salv\u00f2 la principessa nella torre"},{"@type":"BreadcrumbList","@id":"https:\/\/gambinieditore.studiozerocinque.it\/?product=la-bambina-che-salvo-la-principessa-nella-torre#breadcrumb","itemListElement":[{"@type":"ListItem","position":1,"name":"Home","item":"https:\/\/gambinieditore.studiozerocinque.it\/"},{"@type":"ListItem","position":2,"name":"Catalogo","item":"https:\/\/gambinieditore.studiozerocinque.it\/?page_id=7"},{"@type":"ListItem","position":3,"name":"La bambina che salv\u00f2 la principessa nella torre"}]},{"@type":"WebSite","@id":"https:\/\/gambinieditore.studiozerocinque.it\/#website","url":"https:\/\/gambinieditore.studiozerocinque.it\/","name":"Gambini Editore","description":"","potentialAction":[{"@type":"SearchAction","target":{"@type":"EntryPoint","urlTemplate":"https:\/\/gambinieditore.studiozerocinque.it\/?s={search_term_string}"},"query-input":{"@type":"PropertyValueSpecification","valueRequired":true,"valueName":"search_term_string"}}],"inLanguage":"it-IT"}]}},"_links":{"self":[{"href":"https:\/\/gambinieditore.studiozerocinque.it\/index.php?rest_route=\/wp\/v2\/product\/741","targetHints":{"allow":["GET"]}}],"collection":[{"href":"https:\/\/gambinieditore.studiozerocinque.it\/index.php?rest_route=\/wp\/v2\/product"}],"about":[{"href":"https:\/\/gambinieditore.studiozerocinque.it\/index.php?rest_route=\/wp\/v2\/types\/product"}],"replies":[{"embeddable":true,"href":"https:\/\/gambinieditore.studiozerocinque.it\/index.php?rest_route=%2Fwp%2Fv2%2Fcomments&post=741"}],"wp:featuredmedia":[{"embeddable":true,"href":"https:\/\/gambinieditore.studiozerocinque.it\/index.php?rest_route=\/wp\/v2\/media\/740"}],"wp:attachment":[{"href":"https:\/\/gambinieditore.studiozerocinque.it\/index.php?rest_route=%2Fwp%2Fv2%2Fmedia&parent=741"}],"wp:term":[{"taxonomy":"product_brand","embeddable":true,"href":"https:\/\/gambinieditore.studiozerocinque.it\/index.php?rest_route=%2Fwp%2Fv2%2Fproduct_brand&post=741"},{"taxonomy":"product_cat","embeddable":true,"href":"https:\/\/gambinieditore.studiozerocinque.it\/index.php?rest_route=%2Fwp%2Fv2%2Fproduct_cat&post=741"},{"taxonomy":"product_tag","embeddable":true,"href":"https:\/\/gambinieditore.studiozerocinque.it\/index.php?rest_route=%2Fwp%2Fv2%2Fproduct_tag&post=741"}],"curies":[{"name":"wp","href":"https:\/\/api.w.org\/{rel}","templated":true}]}}