{"id":743,"date":"2023-12-21T11:26:18","date_gmt":"2023-12-21T10:26:18","guid":{"rendered":"https:\/\/gambinieditore.studiozerocinque.it\/prodotto\/elogio-della-consunzione-epica\/"},"modified":"2025-09-11T10:00:54","modified_gmt":"2025-09-11T08:00:54","slug":"elogio-della-consunzione-epica","status":"publish","type":"product","link":"https:\/\/gambinieditore.studiozerocinque.it\/?product=elogio-della-consunzione-epica","title":{"rendered":"Elogio della consunzione epica"},"content":{"rendered":"<p>Dopo il saggio Archetipi Mitologici, Valentina Rapaccini, giovane neuropsichiatra infantile, prosegue la sua visionaria esplorazione nell\u2019universo della mitologia greca, declinando la vocazione umanistica con il composito rigore della formazione scientifica. Elogio della consunzione epica \u00e8 un immaginario epistolario fra divinit\u00e0 e protagonisti del pantheon greco. L\u2019arcana cripticit\u00e0 del titolo \u00e8 indicativa delle intenzioni dell\u2019Autrice: celebrare in forma lirica la caducit\u00e0 della combinazione di poteri e debolezze che caratterizza la spiritualit\u00e0 irrisolta di forze ed entit\u00e0 soprannaturali popolanti la transitoria eternit\u00e0 dell\u2019Olimpo greco. Questa corrispondenza epistolare \u00e8 un\u2019affabulazione che narra di desideri, gelosie, vendette, amori, conflittualit\u00e0, gioie, rivalit\u00e0, egoismi. Una contaminazione fra umano e divino che crea suggestiva disarmonia fra epicit\u00e0 umana e precariet\u00e0 divina, tratto distintivo dell\u2019ancestrale universalit\u00e0 della cultura della Grecia Antica.<\/p>\n","protected":false},"excerpt":{"rendered":"<p>ELOGIO DELLA CONSUNZIONE EPICA. Epistolario mitologico di Valentina Rapaccini<\/p>\n","protected":false},"featured_media":742,"comment_status":"open","ping_status":"closed","template":"","meta":[],"product_brand":[],"product_cat":[17,24,59],"product_tag":[],"class_list":{"0":"post-743","1":"product","2":"type-product","3":"status-publish","4":"has-post-thumbnail","6":"product_cat-catalogo","7":"product_cat-novita","8":"product_cat-saggistica","10":"first","11":"instock","12":"shipping-taxable","13":"purchasable","14":"product-type-simple"},"yoast_head":"<!-- This site is optimized with the Yoast SEO plugin v25.9 - https:\/\/yoast.com\/wordpress\/plugins\/seo\/ -->\n<title>Elogio della consunzione epica - Gambini Editore<\/title>\n<meta name=\"robots\" content=\"noindex, follow, max-snippet:-1, max-image-preview:large, max-video-preview:-1\" \/>\n<meta property=\"og:locale\" content=\"it_IT\" \/>\n<meta property=\"og:type\" content=\"article\" \/>\n<meta property=\"og:title\" content=\"Elogio della consunzione epica - Gambini Editore\" \/>\n<meta property=\"og:description\" content=\"ELOGIO DELLA CONSUNZIONE EPICA. Epistolario mitologico di Valentina Rapaccini\" \/>\n<meta property=\"og:url\" content=\"https:\/\/gambinieditore.studiozerocinque.it\/?product=elogio-della-consunzione-epica\" \/>\n<meta property=\"og:site_name\" content=\"Gambini Editore\" \/>\n<meta property=\"article:modified_time\" content=\"2025-09-11T08:00:54+00:00\" \/>\n<meta property=\"og:image\" content=\"https:\/\/gambinieditore.studiozerocinque.it\/wp-content\/uploads\/2023\/12\/411-Elogio-della-consunzione-epica.jpg\" \/>\n\t<meta property=\"og:image:width\" content=\"1693\" \/>\n\t<meta property=\"og:image:height\" content=\"2549\" \/>\n\t<meta property=\"og:image:type\" content=\"image\/jpeg\" \/>\n<meta name=\"twitter:card\" content=\"summary_large_image\" \/>\n<meta name=\"twitter:label1\" content=\"Tempo di lettura stimato\" \/>\n\t<meta name=\"twitter:data1\" content=\"1 minuto\" \/>\n<script type=\"application\/ld+json\" class=\"yoast-schema-graph\">{\"@context\":\"https:\/\/schema.org\",\"@graph\":[{\"@type\":\"WebPage\",\"@id\":\"https:\/\/gambinieditore.studiozerocinque.it\/?product=elogio-della-consunzione-epica\",\"url\":\"https:\/\/gambinieditore.studiozerocinque.it\/?product=elogio-della-consunzione-epica\",\"name\":\"Elogio della consunzione epica - Gambini Editore\",\"isPartOf\":{\"@id\":\"https:\/\/gambinieditore.studiozerocinque.it\/#website\"},\"primaryImageOfPage\":{\"@id\":\"https:\/\/gambinieditore.studiozerocinque.it\/?product=elogio-della-consunzione-epica#primaryimage\"},\"image\":{\"@id\":\"https:\/\/gambinieditore.studiozerocinque.it\/?product=elogio-della-consunzione-epica#primaryimage\"},\"thumbnailUrl\":\"https:\/\/gambinieditore.studiozerocinque.it\/wp-content\/uploads\/2023\/12\/411-Elogio-della-consunzione-epica.jpg\",\"datePublished\":\"2023-12-21T10:26:18+00:00\",\"dateModified\":\"2025-09-11T08:00:54+00:00\",\"breadcrumb\":{\"@id\":\"https:\/\/gambinieditore.studiozerocinque.it\/?product=elogio-della-consunzione-epica#breadcrumb\"},\"inLanguage\":\"it-IT\",\"potentialAction\":[{\"@type\":\"ReadAction\",\"target\":[\"https:\/\/gambinieditore.studiozerocinque.it\/?product=elogio-della-consunzione-epica\"]}]},{\"@type\":\"ImageObject\",\"inLanguage\":\"it-IT\",\"@id\":\"https:\/\/gambinieditore.studiozerocinque.it\/?product=elogio-della-consunzione-epica#primaryimage\",\"url\":\"https:\/\/gambinieditore.studiozerocinque.it\/wp-content\/uploads\/2023\/12\/411-Elogio-della-consunzione-epica.jpg\",\"contentUrl\":\"https:\/\/gambinieditore.studiozerocinque.it\/wp-content\/uploads\/2023\/12\/411-Elogio-della-consunzione-epica.jpg\",\"width\":1693,\"height\":2549,\"caption\":\"Elogio della consunzione epica\"},{\"@type\":\"BreadcrumbList\",\"@id\":\"https:\/\/gambinieditore.studiozerocinque.it\/?product=elogio-della-consunzione-epica#breadcrumb\",\"itemListElement\":[{\"@type\":\"ListItem\",\"position\":1,\"name\":\"Home\",\"item\":\"https:\/\/gambinieditore.studiozerocinque.it\/\"},{\"@type\":\"ListItem\",\"position\":2,\"name\":\"Catalogo\",\"item\":\"https:\/\/gambinieditore.studiozerocinque.it\/?page_id=7\"},{\"@type\":\"ListItem\",\"position\":3,\"name\":\"Elogio della consunzione epica\"}]},{\"@type\":\"WebSite\",\"@id\":\"https:\/\/gambinieditore.studiozerocinque.it\/#website\",\"url\":\"https:\/\/gambinieditore.studiozerocinque.it\/\",\"name\":\"Gambini Editore\",\"description\":\"\",\"potentialAction\":[{\"@type\":\"SearchAction\",\"target\":{\"@type\":\"EntryPoint\",\"urlTemplate\":\"https:\/\/gambinieditore.studiozerocinque.it\/?s={search_term_string}\"},\"query-input\":{\"@type\":\"PropertyValueSpecification\",\"valueRequired\":true,\"valueName\":\"search_term_string\"}}],\"inLanguage\":\"it-IT\"}]}<\/script>\n<!-- \/ Yoast SEO plugin. -->","yoast_head_json":{"title":"Elogio della consunzione epica - Gambini Editore","robots":{"index":"noindex","follow":"follow","max-snippet":"max-snippet:-1","max-image-preview":"max-image-preview:large","max-video-preview":"max-video-preview:-1"},"og_locale":"it_IT","og_type":"article","og_title":"Elogio della consunzione epica - Gambini Editore","og_description":"ELOGIO DELLA CONSUNZIONE EPICA. Epistolario mitologico di Valentina Rapaccini","og_url":"https:\/\/gambinieditore.studiozerocinque.it\/?product=elogio-della-consunzione-epica","og_site_name":"Gambini Editore","article_modified_time":"2025-09-11T08:00:54+00:00","og_image":[{"width":1693,"height":2549,"url":"https:\/\/gambinieditore.studiozerocinque.it\/wp-content\/uploads\/2023\/12\/411-Elogio-della-consunzione-epica.jpg","type":"image\/jpeg"}],"twitter_card":"summary_large_image","twitter_misc":{"Tempo di lettura stimato":"1 minuto"},"schema":{"@context":"https:\/\/schema.org","@graph":[{"@type":"WebPage","@id":"https:\/\/gambinieditore.studiozerocinque.it\/?product=elogio-della-consunzione-epica","url":"https:\/\/gambinieditore.studiozerocinque.it\/?product=elogio-della-consunzione-epica","name":"Elogio della consunzione epica - Gambini Editore","isPartOf":{"@id":"https:\/\/gambinieditore.studiozerocinque.it\/#website"},"primaryImageOfPage":{"@id":"https:\/\/gambinieditore.studiozerocinque.it\/?product=elogio-della-consunzione-epica#primaryimage"},"image":{"@id":"https:\/\/gambinieditore.studiozerocinque.it\/?product=elogio-della-consunzione-epica#primaryimage"},"thumbnailUrl":"https:\/\/gambinieditore.studiozerocinque.it\/wp-content\/uploads\/2023\/12\/411-Elogio-della-consunzione-epica.jpg","datePublished":"2023-12-21T10:26:18+00:00","dateModified":"2025-09-11T08:00:54+00:00","breadcrumb":{"@id":"https:\/\/gambinieditore.studiozerocinque.it\/?product=elogio-della-consunzione-epica#breadcrumb"},"inLanguage":"it-IT","potentialAction":[{"@type":"ReadAction","target":["https:\/\/gambinieditore.studiozerocinque.it\/?product=elogio-della-consunzione-epica"]}]},{"@type":"ImageObject","inLanguage":"it-IT","@id":"https:\/\/gambinieditore.studiozerocinque.it\/?product=elogio-della-consunzione-epica#primaryimage","url":"https:\/\/gambinieditore.studiozerocinque.it\/wp-content\/uploads\/2023\/12\/411-Elogio-della-consunzione-epica.jpg","contentUrl":"https:\/\/gambinieditore.studiozerocinque.it\/wp-content\/uploads\/2023\/12\/411-Elogio-della-consunzione-epica.jpg","width":1693,"height":2549,"caption":"Elogio della consunzione epica"},{"@type":"BreadcrumbList","@id":"https:\/\/gambinieditore.studiozerocinque.it\/?product=elogio-della-consunzione-epica#breadcrumb","itemListElement":[{"@type":"ListItem","position":1,"name":"Home","item":"https:\/\/gambinieditore.studiozerocinque.it\/"},{"@type":"ListItem","position":2,"name":"Catalogo","item":"https:\/\/gambinieditore.studiozerocinque.it\/?page_id=7"},{"@type":"ListItem","position":3,"name":"Elogio della consunzione epica"}]},{"@type":"WebSite","@id":"https:\/\/gambinieditore.studiozerocinque.it\/#website","url":"https:\/\/gambinieditore.studiozerocinque.it\/","name":"Gambini Editore","description":"","potentialAction":[{"@type":"SearchAction","target":{"@type":"EntryPoint","urlTemplate":"https:\/\/gambinieditore.studiozerocinque.it\/?s={search_term_string}"},"query-input":{"@type":"PropertyValueSpecification","valueRequired":true,"valueName":"search_term_string"}}],"inLanguage":"it-IT"}]}},"_links":{"self":[{"href":"https:\/\/gambinieditore.studiozerocinque.it\/index.php?rest_route=\/wp\/v2\/product\/743","targetHints":{"allow":["GET"]}}],"collection":[{"href":"https:\/\/gambinieditore.studiozerocinque.it\/index.php?rest_route=\/wp\/v2\/product"}],"about":[{"href":"https:\/\/gambinieditore.studiozerocinque.it\/index.php?rest_route=\/wp\/v2\/types\/product"}],"replies":[{"embeddable":true,"href":"https:\/\/gambinieditore.studiozerocinque.it\/index.php?rest_route=%2Fwp%2Fv2%2Fcomments&post=743"}],"wp:featuredmedia":[{"embeddable":true,"href":"https:\/\/gambinieditore.studiozerocinque.it\/index.php?rest_route=\/wp\/v2\/media\/742"}],"wp:attachment":[{"href":"https:\/\/gambinieditore.studiozerocinque.it\/index.php?rest_route=%2Fwp%2Fv2%2Fmedia&parent=743"}],"wp:term":[{"taxonomy":"product_brand","embeddable":true,"href":"https:\/\/gambinieditore.studiozerocinque.it\/index.php?rest_route=%2Fwp%2Fv2%2Fproduct_brand&post=743"},{"taxonomy":"product_cat","embeddable":true,"href":"https:\/\/gambinieditore.studiozerocinque.it\/index.php?rest_route=%2Fwp%2Fv2%2Fproduct_cat&post=743"},{"taxonomy":"product_tag","embeddable":true,"href":"https:\/\/gambinieditore.studiozerocinque.it\/index.php?rest_route=%2Fwp%2Fv2%2Fproduct_tag&post=743"}],"curies":[{"name":"wp","href":"https:\/\/api.w.org\/{rel}","templated":true}]}}