{"id":745,"date":"2023-12-28T15:57:15","date_gmt":"2023-12-28T14:57:15","guid":{"rendered":"https:\/\/gambinieditore.studiozerocinque.it\/prodotto\/varianti-del-populismo-nei-paesi-a-maggioranza-musulmana\/"},"modified":"2025-09-11T10:00:55","modified_gmt":"2025-09-11T08:00:55","slug":"varianti-del-populismo-nei-paesi-a-maggioranza-musulmana","status":"publish","type":"product","link":"https:\/\/gambinieditore.studiozerocinque.it\/?product=varianti-del-populismo-nei-paesi-a-maggioranza-musulmana","title":{"rendered":"Varianti del Populismo nei Paesi a maggioranza Musulmana"},"content":{"rendered":"<p>La storia pi\u00f9 recente ha visto il diffondersi dell\u2019Islam nel mondo attraverso alcuni soggetti politici quali i gruppi islamisti, i Fratelli Musulmani, Hamas, il partito Baath, l\u2019Isis, al-Qaeda, che hanno originato una \u201cvariante al populismo\u201d legata soprattutto alla loro partecipazione alle elezioni e alla consapevolezza che avrebbero potuto usarle a loro vantaggio. L\u2019ideologia islamista ha contraddetto la sua modernit\u00e0. Non ha fatto altro che far emergere l\u2019impreparazione delle nuove classi dirigenti nel far fronte alle richieste popolari aprendo cos\u00ec lo spazio per l\u2019affermazione dell\u2019\u00e9lite militare come la sola in grado di garantire una stabilit\u00e0 istituzionale nel mondo islamico. In tale contesto l\u2019esperienza politica del partito Baath \u00e8 certamente la pi\u00f9 complessa ed eclatante perch\u00e9 esprime al suo interno una tendenza che noi occidentali potremmo appellare come \u201claicismo\u201d poi infrantosi con la logica del potere e l\u2019eterna lotta tra le varie \u00e9lite di quelle societ\u00e0 e quel territorio. L\u2019analisi fenomenologica del populismo nell\u2019ambito dei paesi di tradizione islamica ha consentito di circostanziare anche l\u2019impatto geopolitico causato dai cambiamenti generati dai gruppi islamisti, che hanno mutato de facto lo scenario e gli equilibri politici dei paesi interessati attirando l\u2019attenzione di attori politici globali per il controllo del Vicino Oriente. Il voler esportare forzatamente la democrazia occidentale ha aperto la strada ai gruppi jihadisti generando nuovi scenari di criticit\u00e0. I riflessi della globalizzazione, inoltre, hanno accentuato il disequilibrio generando rilevanti fenomeni che caratterizzano la contemporaneit\u00e0.<\/p>\n","protected":false},"excerpt":{"rendered":"<p>Varianti del Populismo nei Paesi a maggioranza musulmana di Maria Anna Pennucci<\/p>\n","protected":false},"featured_media":744,"comment_status":"open","ping_status":"closed","template":"","meta":[],"product_brand":[],"product_cat":[17,19,41],"product_tag":[],"class_list":{"0":"post-745","1":"product","2":"type-product","3":"status-publish","4":"has-post-thumbnail","6":"product_cat-catalogo","7":"product_cat-universita","8":"product_cat-attualita-societa-e-politica-e-comunicazione","10":"first","11":"instock","12":"shipping-taxable","13":"purchasable","14":"product-type-simple"},"yoast_head":"<!-- This site is optimized with the Yoast SEO plugin v25.9 - https:\/\/yoast.com\/wordpress\/plugins\/seo\/ -->\n<title>Varianti del Populismo nei Paesi a maggioranza Musulmana - Gambini Editore<\/title>\n<meta name=\"robots\" content=\"noindex, follow, max-snippet:-1, max-image-preview:large, max-video-preview:-1\" \/>\n<meta property=\"og:locale\" content=\"it_IT\" \/>\n<meta property=\"og:type\" content=\"article\" \/>\n<meta property=\"og:title\" content=\"Varianti del Populismo nei Paesi a maggioranza Musulmana - Gambini Editore\" \/>\n<meta property=\"og:description\" content=\"Varianti del Populismo nei Paesi a maggioranza musulmana di Maria Anna Pennucci\" \/>\n<meta property=\"og:url\" content=\"https:\/\/gambinieditore.studiozerocinque.it\/?product=varianti-del-populismo-nei-paesi-a-maggioranza-musulmana\" \/>\n<meta property=\"og:site_name\" content=\"Gambini Editore\" \/>\n<meta property=\"article:modified_time\" content=\"2025-09-11T08:00:55+00:00\" \/>\n<meta property=\"og:image\" content=\"https:\/\/gambinieditore.studiozerocinque.it\/wp-content\/uploads\/2023\/12\/412-Varianti-del-Populismo-nei-Paesi-a-maggioranza-Musulmana.jpg\" \/>\n\t<meta property=\"og:image:width\" content=\"1741\" \/>\n\t<meta property=\"og:image:height\" content=\"2461\" \/>\n\t<meta property=\"og:image:type\" content=\"image\/jpeg\" \/>\n<meta name=\"twitter:card\" content=\"summary_large_image\" \/>\n<meta name=\"twitter:label1\" content=\"Tempo di lettura stimato\" \/>\n\t<meta name=\"twitter:data1\" content=\"1 minuto\" \/>\n<script type=\"application\/ld+json\" class=\"yoast-schema-graph\">{\"@context\":\"https:\/\/schema.org\",\"@graph\":[{\"@type\":\"WebPage\",\"@id\":\"https:\/\/gambinieditore.studiozerocinque.it\/?product=varianti-del-populismo-nei-paesi-a-maggioranza-musulmana\",\"url\":\"https:\/\/gambinieditore.studiozerocinque.it\/?product=varianti-del-populismo-nei-paesi-a-maggioranza-musulmana\",\"name\":\"Varianti del Populismo nei Paesi a maggioranza Musulmana - Gambini Editore\",\"isPartOf\":{\"@id\":\"https:\/\/gambinieditore.studiozerocinque.it\/#website\"},\"primaryImageOfPage\":{\"@id\":\"https:\/\/gambinieditore.studiozerocinque.it\/?product=varianti-del-populismo-nei-paesi-a-maggioranza-musulmana#primaryimage\"},\"image\":{\"@id\":\"https:\/\/gambinieditore.studiozerocinque.it\/?product=varianti-del-populismo-nei-paesi-a-maggioranza-musulmana#primaryimage\"},\"thumbnailUrl\":\"https:\/\/gambinieditore.studiozerocinque.it\/wp-content\/uploads\/2023\/12\/412-Varianti-del-Populismo-nei-Paesi-a-maggioranza-Musulmana.jpg\",\"datePublished\":\"2023-12-28T14:57:15+00:00\",\"dateModified\":\"2025-09-11T08:00:55+00:00\",\"breadcrumb\":{\"@id\":\"https:\/\/gambinieditore.studiozerocinque.it\/?product=varianti-del-populismo-nei-paesi-a-maggioranza-musulmana#breadcrumb\"},\"inLanguage\":\"it-IT\",\"potentialAction\":[{\"@type\":\"ReadAction\",\"target\":[\"https:\/\/gambinieditore.studiozerocinque.it\/?product=varianti-del-populismo-nei-paesi-a-maggioranza-musulmana\"]}]},{\"@type\":\"ImageObject\",\"inLanguage\":\"it-IT\",\"@id\":\"https:\/\/gambinieditore.studiozerocinque.it\/?product=varianti-del-populismo-nei-paesi-a-maggioranza-musulmana#primaryimage\",\"url\":\"https:\/\/gambinieditore.studiozerocinque.it\/wp-content\/uploads\/2023\/12\/412-Varianti-del-Populismo-nei-Paesi-a-maggioranza-Musulmana.jpg\",\"contentUrl\":\"https:\/\/gambinieditore.studiozerocinque.it\/wp-content\/uploads\/2023\/12\/412-Varianti-del-Populismo-nei-Paesi-a-maggioranza-Musulmana.jpg\",\"width\":1741,\"height\":2461,\"caption\":\"Varianti del Populismo nei Paesi a maggioranza Musulmana\"},{\"@type\":\"BreadcrumbList\",\"@id\":\"https:\/\/gambinieditore.studiozerocinque.it\/?product=varianti-del-populismo-nei-paesi-a-maggioranza-musulmana#breadcrumb\",\"itemListElement\":[{\"@type\":\"ListItem\",\"position\":1,\"name\":\"Home\",\"item\":\"https:\/\/gambinieditore.studiozerocinque.it\/\"},{\"@type\":\"ListItem\",\"position\":2,\"name\":\"Catalogo\",\"item\":\"https:\/\/gambinieditore.studiozerocinque.it\/?page_id=7\"},{\"@type\":\"ListItem\",\"position\":3,\"name\":\"Varianti del Populismo nei Paesi a maggioranza Musulmana\"}]},{\"@type\":\"WebSite\",\"@id\":\"https:\/\/gambinieditore.studiozerocinque.it\/#website\",\"url\":\"https:\/\/gambinieditore.studiozerocinque.it\/\",\"name\":\"Gambini Editore\",\"description\":\"\",\"potentialAction\":[{\"@type\":\"SearchAction\",\"target\":{\"@type\":\"EntryPoint\",\"urlTemplate\":\"https:\/\/gambinieditore.studiozerocinque.it\/?s={search_term_string}\"},\"query-input\":{\"@type\":\"PropertyValueSpecification\",\"valueRequired\":true,\"valueName\":\"search_term_string\"}}],\"inLanguage\":\"it-IT\"}]}<\/script>\n<!-- \/ Yoast SEO plugin. -->","yoast_head_json":{"title":"Varianti del Populismo nei Paesi a maggioranza Musulmana - Gambini Editore","robots":{"index":"noindex","follow":"follow","max-snippet":"max-snippet:-1","max-image-preview":"max-image-preview:large","max-video-preview":"max-video-preview:-1"},"og_locale":"it_IT","og_type":"article","og_title":"Varianti del Populismo nei Paesi a maggioranza Musulmana - Gambini Editore","og_description":"Varianti del Populismo nei Paesi a maggioranza musulmana di Maria Anna Pennucci","og_url":"https:\/\/gambinieditore.studiozerocinque.it\/?product=varianti-del-populismo-nei-paesi-a-maggioranza-musulmana","og_site_name":"Gambini Editore","article_modified_time":"2025-09-11T08:00:55+00:00","og_image":[{"width":1741,"height":2461,"url":"https:\/\/gambinieditore.studiozerocinque.it\/wp-content\/uploads\/2023\/12\/412-Varianti-del-Populismo-nei-Paesi-a-maggioranza-Musulmana.jpg","type":"image\/jpeg"}],"twitter_card":"summary_large_image","twitter_misc":{"Tempo di lettura stimato":"1 minuto"},"schema":{"@context":"https:\/\/schema.org","@graph":[{"@type":"WebPage","@id":"https:\/\/gambinieditore.studiozerocinque.it\/?product=varianti-del-populismo-nei-paesi-a-maggioranza-musulmana","url":"https:\/\/gambinieditore.studiozerocinque.it\/?product=varianti-del-populismo-nei-paesi-a-maggioranza-musulmana","name":"Varianti del Populismo nei Paesi a maggioranza Musulmana - Gambini Editore","isPartOf":{"@id":"https:\/\/gambinieditore.studiozerocinque.it\/#website"},"primaryImageOfPage":{"@id":"https:\/\/gambinieditore.studiozerocinque.it\/?product=varianti-del-populismo-nei-paesi-a-maggioranza-musulmana#primaryimage"},"image":{"@id":"https:\/\/gambinieditore.studiozerocinque.it\/?product=varianti-del-populismo-nei-paesi-a-maggioranza-musulmana#primaryimage"},"thumbnailUrl":"https:\/\/gambinieditore.studiozerocinque.it\/wp-content\/uploads\/2023\/12\/412-Varianti-del-Populismo-nei-Paesi-a-maggioranza-Musulmana.jpg","datePublished":"2023-12-28T14:57:15+00:00","dateModified":"2025-09-11T08:00:55+00:00","breadcrumb":{"@id":"https:\/\/gambinieditore.studiozerocinque.it\/?product=varianti-del-populismo-nei-paesi-a-maggioranza-musulmana#breadcrumb"},"inLanguage":"it-IT","potentialAction":[{"@type":"ReadAction","target":["https:\/\/gambinieditore.studiozerocinque.it\/?product=varianti-del-populismo-nei-paesi-a-maggioranza-musulmana"]}]},{"@type":"ImageObject","inLanguage":"it-IT","@id":"https:\/\/gambinieditore.studiozerocinque.it\/?product=varianti-del-populismo-nei-paesi-a-maggioranza-musulmana#primaryimage","url":"https:\/\/gambinieditore.studiozerocinque.it\/wp-content\/uploads\/2023\/12\/412-Varianti-del-Populismo-nei-Paesi-a-maggioranza-Musulmana.jpg","contentUrl":"https:\/\/gambinieditore.studiozerocinque.it\/wp-content\/uploads\/2023\/12\/412-Varianti-del-Populismo-nei-Paesi-a-maggioranza-Musulmana.jpg","width":1741,"height":2461,"caption":"Varianti del Populismo nei Paesi a maggioranza Musulmana"},{"@type":"BreadcrumbList","@id":"https:\/\/gambinieditore.studiozerocinque.it\/?product=varianti-del-populismo-nei-paesi-a-maggioranza-musulmana#breadcrumb","itemListElement":[{"@type":"ListItem","position":1,"name":"Home","item":"https:\/\/gambinieditore.studiozerocinque.it\/"},{"@type":"ListItem","position":2,"name":"Catalogo","item":"https:\/\/gambinieditore.studiozerocinque.it\/?page_id=7"},{"@type":"ListItem","position":3,"name":"Varianti del Populismo nei Paesi a maggioranza Musulmana"}]},{"@type":"WebSite","@id":"https:\/\/gambinieditore.studiozerocinque.it\/#website","url":"https:\/\/gambinieditore.studiozerocinque.it\/","name":"Gambini Editore","description":"","potentialAction":[{"@type":"SearchAction","target":{"@type":"EntryPoint","urlTemplate":"https:\/\/gambinieditore.studiozerocinque.it\/?s={search_term_string}"},"query-input":{"@type":"PropertyValueSpecification","valueRequired":true,"valueName":"search_term_string"}}],"inLanguage":"it-IT"}]}},"_links":{"self":[{"href":"https:\/\/gambinieditore.studiozerocinque.it\/index.php?rest_route=\/wp\/v2\/product\/745","targetHints":{"allow":["GET"]}}],"collection":[{"href":"https:\/\/gambinieditore.studiozerocinque.it\/index.php?rest_route=\/wp\/v2\/product"}],"about":[{"href":"https:\/\/gambinieditore.studiozerocinque.it\/index.php?rest_route=\/wp\/v2\/types\/product"}],"replies":[{"embeddable":true,"href":"https:\/\/gambinieditore.studiozerocinque.it\/index.php?rest_route=%2Fwp%2Fv2%2Fcomments&post=745"}],"wp:featuredmedia":[{"embeddable":true,"href":"https:\/\/gambinieditore.studiozerocinque.it\/index.php?rest_route=\/wp\/v2\/media\/744"}],"wp:attachment":[{"href":"https:\/\/gambinieditore.studiozerocinque.it\/index.php?rest_route=%2Fwp%2Fv2%2Fmedia&parent=745"}],"wp:term":[{"taxonomy":"product_brand","embeddable":true,"href":"https:\/\/gambinieditore.studiozerocinque.it\/index.php?rest_route=%2Fwp%2Fv2%2Fproduct_brand&post=745"},{"taxonomy":"product_cat","embeddable":true,"href":"https:\/\/gambinieditore.studiozerocinque.it\/index.php?rest_route=%2Fwp%2Fv2%2Fproduct_cat&post=745"},{"taxonomy":"product_tag","embeddable":true,"href":"https:\/\/gambinieditore.studiozerocinque.it\/index.php?rest_route=%2Fwp%2Fv2%2Fproduct_tag&post=745"}],"curies":[{"name":"wp","href":"https:\/\/api.w.org\/{rel}","templated":true}]}}