{"id":747,"date":"2024-01-12T13:43:35","date_gmt":"2024-01-12T12:43:35","guid":{"rendered":"https:\/\/gambinieditore.studiozerocinque.it\/prodotto\/parole-chiacchiere-fantasmi-e-il-fumo-azzurro-di-qualche-sigaretta\/"},"modified":"2025-09-11T10:00:55","modified_gmt":"2025-09-11T08:00:55","slug":"parole-chiacchiere-fantasmi-e-il-fumo-azzurro-di-qualche-sigaretta","status":"publish","type":"product","link":"https:\/\/gambinieditore.studiozerocinque.it\/?product=parole-chiacchiere-fantasmi-e-il-fumo-azzurro-di-qualche-sigaretta","title":{"rendered":"Parole, chiacchiere, fantasmi e il fumo azzurro di qualche sigaretta"},"content":{"rendered":"<p>Piccole storie di grandi fantasmi nelle notti della leggibilit\u00e0, Un tourbillon immaginario, fantastico e fantasmagorico, in cui si rincorrono Thomas Mann, Dalida ma anche Jean Dubbufet, Nagib Mahfuz, Yussuf Chahine, Lou Reed, Line Monty, Roza Eskenazy e un inafferrabile ed elegantissimo virtuoso della parola come Carlo Emilio Gadda. Conversazioni che hanno il sapore di un plagio perch\u00e9 senza contraffazione non si d\u00e0 letteratura, non si d\u00e0 musica, non si d\u00e0 arte, e in fondo tutta la letteratura e la musica che pretende di non essere un plagio forse non merita di essere letta o ascoltata.<\/p>\n","protected":false},"excerpt":{"rendered":"<p>Parole, chiacchiere, fantasmi e il fumo azzurro di qualche sigaretta. Racconti di Raffaele Federici<\/p>\n","protected":false},"featured_media":746,"comment_status":"open","ping_status":"closed","template":"","meta":[],"product_brand":[],"product_cat":[17,25,24],"product_tag":[],"class_list":{"0":"post-747","1":"product","2":"type-product","3":"status-publish","4":"has-post-thumbnail","6":"product_cat-catalogo","7":"product_cat-narrativa-italiana","8":"product_cat-novita","10":"first","11":"instock","12":"shipping-taxable","13":"purchasable","14":"product-type-simple"},"yoast_head":"<!-- This site is optimized with the Yoast SEO plugin v25.9 - https:\/\/yoast.com\/wordpress\/plugins\/seo\/ -->\n<title>Parole, chiacchiere, fantasmi e il fumo azzurro di qualche sigaretta - Gambini Editore<\/title>\n<meta name=\"robots\" content=\"noindex, follow, max-snippet:-1, max-image-preview:large, max-video-preview:-1\" \/>\n<meta property=\"og:locale\" content=\"it_IT\" \/>\n<meta property=\"og:type\" content=\"article\" \/>\n<meta property=\"og:title\" content=\"Parole, chiacchiere, fantasmi e il fumo azzurro di qualche sigaretta - Gambini Editore\" \/>\n<meta property=\"og:description\" content=\"Parole, chiacchiere, fantasmi e il fumo azzurro di qualche sigaretta. Racconti di Raffaele Federici\" \/>\n<meta property=\"og:url\" content=\"https:\/\/gambinieditore.studiozerocinque.it\/?product=parole-chiacchiere-fantasmi-e-il-fumo-azzurro-di-qualche-sigaretta\" \/>\n<meta property=\"og:site_name\" content=\"Gambini Editore\" \/>\n<meta property=\"article:modified_time\" content=\"2025-09-11T08:00:55+00:00\" \/>\n<meta property=\"og:image\" content=\"https:\/\/gambinieditore.studiozerocinque.it\/wp-content\/uploads\/2024\/01\/413-Parole-chiacchiere-fantasmi-e-il-fumo-azzurro-di-qualche-sigaretta.jpg\" \/>\n\t<meta property=\"og:image:width\" content=\"908\" \/>\n\t<meta property=\"og:image:height\" content=\"1280\" \/>\n\t<meta property=\"og:image:type\" content=\"image\/jpeg\" \/>\n<meta name=\"twitter:card\" content=\"summary_large_image\" \/>\n<script type=\"application\/ld+json\" class=\"yoast-schema-graph\">{\"@context\":\"https:\/\/schema.org\",\"@graph\":[{\"@type\":\"WebPage\",\"@id\":\"https:\/\/gambinieditore.studiozerocinque.it\/?product=parole-chiacchiere-fantasmi-e-il-fumo-azzurro-di-qualche-sigaretta\",\"url\":\"https:\/\/gambinieditore.studiozerocinque.it\/?product=parole-chiacchiere-fantasmi-e-il-fumo-azzurro-di-qualche-sigaretta\",\"name\":\"Parole, chiacchiere, fantasmi e il fumo azzurro di qualche sigaretta - Gambini Editore\",\"isPartOf\":{\"@id\":\"https:\/\/gambinieditore.studiozerocinque.it\/#website\"},\"primaryImageOfPage\":{\"@id\":\"https:\/\/gambinieditore.studiozerocinque.it\/?product=parole-chiacchiere-fantasmi-e-il-fumo-azzurro-di-qualche-sigaretta#primaryimage\"},\"image\":{\"@id\":\"https:\/\/gambinieditore.studiozerocinque.it\/?product=parole-chiacchiere-fantasmi-e-il-fumo-azzurro-di-qualche-sigaretta#primaryimage\"},\"thumbnailUrl\":\"https:\/\/gambinieditore.studiozerocinque.it\/wp-content\/uploads\/2024\/01\/413-Parole-chiacchiere-fantasmi-e-il-fumo-azzurro-di-qualche-sigaretta.jpg\",\"datePublished\":\"2024-01-12T12:43:35+00:00\",\"dateModified\":\"2025-09-11T08:00:55+00:00\",\"breadcrumb\":{\"@id\":\"https:\/\/gambinieditore.studiozerocinque.it\/?product=parole-chiacchiere-fantasmi-e-il-fumo-azzurro-di-qualche-sigaretta#breadcrumb\"},\"inLanguage\":\"it-IT\",\"potentialAction\":[{\"@type\":\"ReadAction\",\"target\":[\"https:\/\/gambinieditore.studiozerocinque.it\/?product=parole-chiacchiere-fantasmi-e-il-fumo-azzurro-di-qualche-sigaretta\"]}]},{\"@type\":\"ImageObject\",\"inLanguage\":\"it-IT\",\"@id\":\"https:\/\/gambinieditore.studiozerocinque.it\/?product=parole-chiacchiere-fantasmi-e-il-fumo-azzurro-di-qualche-sigaretta#primaryimage\",\"url\":\"https:\/\/gambinieditore.studiozerocinque.it\/wp-content\/uploads\/2024\/01\/413-Parole-chiacchiere-fantasmi-e-il-fumo-azzurro-di-qualche-sigaretta.jpg\",\"contentUrl\":\"https:\/\/gambinieditore.studiozerocinque.it\/wp-content\/uploads\/2024\/01\/413-Parole-chiacchiere-fantasmi-e-il-fumo-azzurro-di-qualche-sigaretta.jpg\",\"width\":908,\"height\":1280,\"caption\":\"Parole, chiacchiere, fantasmi e il fumo azzurro di qualche sigaretta\"},{\"@type\":\"BreadcrumbList\",\"@id\":\"https:\/\/gambinieditore.studiozerocinque.it\/?product=parole-chiacchiere-fantasmi-e-il-fumo-azzurro-di-qualche-sigaretta#breadcrumb\",\"itemListElement\":[{\"@type\":\"ListItem\",\"position\":1,\"name\":\"Home\",\"item\":\"https:\/\/gambinieditore.studiozerocinque.it\/\"},{\"@type\":\"ListItem\",\"position\":2,\"name\":\"Catalogo\",\"item\":\"https:\/\/gambinieditore.studiozerocinque.it\/?page_id=7\"},{\"@type\":\"ListItem\",\"position\":3,\"name\":\"Parole, chiacchiere, fantasmi e il fumo azzurro di qualche sigaretta\"}]},{\"@type\":\"WebSite\",\"@id\":\"https:\/\/gambinieditore.studiozerocinque.it\/#website\",\"url\":\"https:\/\/gambinieditore.studiozerocinque.it\/\",\"name\":\"Gambini Editore\",\"description\":\"\",\"potentialAction\":[{\"@type\":\"SearchAction\",\"target\":{\"@type\":\"EntryPoint\",\"urlTemplate\":\"https:\/\/gambinieditore.studiozerocinque.it\/?s={search_term_string}\"},\"query-input\":{\"@type\":\"PropertyValueSpecification\",\"valueRequired\":true,\"valueName\":\"search_term_string\"}}],\"inLanguage\":\"it-IT\"}]}<\/script>\n<!-- \/ Yoast SEO plugin. -->","yoast_head_json":{"title":"Parole, chiacchiere, fantasmi e il fumo azzurro di qualche sigaretta - Gambini Editore","robots":{"index":"noindex","follow":"follow","max-snippet":"max-snippet:-1","max-image-preview":"max-image-preview:large","max-video-preview":"max-video-preview:-1"},"og_locale":"it_IT","og_type":"article","og_title":"Parole, chiacchiere, fantasmi e il fumo azzurro di qualche sigaretta - Gambini Editore","og_description":"Parole, chiacchiere, fantasmi e il fumo azzurro di qualche sigaretta. Racconti di Raffaele Federici","og_url":"https:\/\/gambinieditore.studiozerocinque.it\/?product=parole-chiacchiere-fantasmi-e-il-fumo-azzurro-di-qualche-sigaretta","og_site_name":"Gambini Editore","article_modified_time":"2025-09-11T08:00:55+00:00","og_image":[{"width":908,"height":1280,"url":"https:\/\/gambinieditore.studiozerocinque.it\/wp-content\/uploads\/2024\/01\/413-Parole-chiacchiere-fantasmi-e-il-fumo-azzurro-di-qualche-sigaretta.jpg","type":"image\/jpeg"}],"twitter_card":"summary_large_image","schema":{"@context":"https:\/\/schema.org","@graph":[{"@type":"WebPage","@id":"https:\/\/gambinieditore.studiozerocinque.it\/?product=parole-chiacchiere-fantasmi-e-il-fumo-azzurro-di-qualche-sigaretta","url":"https:\/\/gambinieditore.studiozerocinque.it\/?product=parole-chiacchiere-fantasmi-e-il-fumo-azzurro-di-qualche-sigaretta","name":"Parole, chiacchiere, fantasmi e il fumo azzurro di qualche sigaretta - Gambini Editore","isPartOf":{"@id":"https:\/\/gambinieditore.studiozerocinque.it\/#website"},"primaryImageOfPage":{"@id":"https:\/\/gambinieditore.studiozerocinque.it\/?product=parole-chiacchiere-fantasmi-e-il-fumo-azzurro-di-qualche-sigaretta#primaryimage"},"image":{"@id":"https:\/\/gambinieditore.studiozerocinque.it\/?product=parole-chiacchiere-fantasmi-e-il-fumo-azzurro-di-qualche-sigaretta#primaryimage"},"thumbnailUrl":"https:\/\/gambinieditore.studiozerocinque.it\/wp-content\/uploads\/2024\/01\/413-Parole-chiacchiere-fantasmi-e-il-fumo-azzurro-di-qualche-sigaretta.jpg","datePublished":"2024-01-12T12:43:35+00:00","dateModified":"2025-09-11T08:00:55+00:00","breadcrumb":{"@id":"https:\/\/gambinieditore.studiozerocinque.it\/?product=parole-chiacchiere-fantasmi-e-il-fumo-azzurro-di-qualche-sigaretta#breadcrumb"},"inLanguage":"it-IT","potentialAction":[{"@type":"ReadAction","target":["https:\/\/gambinieditore.studiozerocinque.it\/?product=parole-chiacchiere-fantasmi-e-il-fumo-azzurro-di-qualche-sigaretta"]}]},{"@type":"ImageObject","inLanguage":"it-IT","@id":"https:\/\/gambinieditore.studiozerocinque.it\/?product=parole-chiacchiere-fantasmi-e-il-fumo-azzurro-di-qualche-sigaretta#primaryimage","url":"https:\/\/gambinieditore.studiozerocinque.it\/wp-content\/uploads\/2024\/01\/413-Parole-chiacchiere-fantasmi-e-il-fumo-azzurro-di-qualche-sigaretta.jpg","contentUrl":"https:\/\/gambinieditore.studiozerocinque.it\/wp-content\/uploads\/2024\/01\/413-Parole-chiacchiere-fantasmi-e-il-fumo-azzurro-di-qualche-sigaretta.jpg","width":908,"height":1280,"caption":"Parole, chiacchiere, fantasmi e il fumo azzurro di qualche sigaretta"},{"@type":"BreadcrumbList","@id":"https:\/\/gambinieditore.studiozerocinque.it\/?product=parole-chiacchiere-fantasmi-e-il-fumo-azzurro-di-qualche-sigaretta#breadcrumb","itemListElement":[{"@type":"ListItem","position":1,"name":"Home","item":"https:\/\/gambinieditore.studiozerocinque.it\/"},{"@type":"ListItem","position":2,"name":"Catalogo","item":"https:\/\/gambinieditore.studiozerocinque.it\/?page_id=7"},{"@type":"ListItem","position":3,"name":"Parole, chiacchiere, fantasmi e il fumo azzurro di qualche sigaretta"}]},{"@type":"WebSite","@id":"https:\/\/gambinieditore.studiozerocinque.it\/#website","url":"https:\/\/gambinieditore.studiozerocinque.it\/","name":"Gambini Editore","description":"","potentialAction":[{"@type":"SearchAction","target":{"@type":"EntryPoint","urlTemplate":"https:\/\/gambinieditore.studiozerocinque.it\/?s={search_term_string}"},"query-input":{"@type":"PropertyValueSpecification","valueRequired":true,"valueName":"search_term_string"}}],"inLanguage":"it-IT"}]}},"_links":{"self":[{"href":"https:\/\/gambinieditore.studiozerocinque.it\/index.php?rest_route=\/wp\/v2\/product\/747","targetHints":{"allow":["GET"]}}],"collection":[{"href":"https:\/\/gambinieditore.studiozerocinque.it\/index.php?rest_route=\/wp\/v2\/product"}],"about":[{"href":"https:\/\/gambinieditore.studiozerocinque.it\/index.php?rest_route=\/wp\/v2\/types\/product"}],"replies":[{"embeddable":true,"href":"https:\/\/gambinieditore.studiozerocinque.it\/index.php?rest_route=%2Fwp%2Fv2%2Fcomments&post=747"}],"wp:featuredmedia":[{"embeddable":true,"href":"https:\/\/gambinieditore.studiozerocinque.it\/index.php?rest_route=\/wp\/v2\/media\/746"}],"wp:attachment":[{"href":"https:\/\/gambinieditore.studiozerocinque.it\/index.php?rest_route=%2Fwp%2Fv2%2Fmedia&parent=747"}],"wp:term":[{"taxonomy":"product_brand","embeddable":true,"href":"https:\/\/gambinieditore.studiozerocinque.it\/index.php?rest_route=%2Fwp%2Fv2%2Fproduct_brand&post=747"},{"taxonomy":"product_cat","embeddable":true,"href":"https:\/\/gambinieditore.studiozerocinque.it\/index.php?rest_route=%2Fwp%2Fv2%2Fproduct_cat&post=747"},{"taxonomy":"product_tag","embeddable":true,"href":"https:\/\/gambinieditore.studiozerocinque.it\/index.php?rest_route=%2Fwp%2Fv2%2Fproduct_tag&post=747"}],"curies":[{"name":"wp","href":"https:\/\/api.w.org\/{rel}","templated":true}]}}