{"id":76,"date":"2022-01-07T14:02:31","date_gmt":"2022-01-07T13:02:31","guid":{"rendered":"https:\/\/gambinieditore.studiozerocinque.it\/prodotto\/dei-miti-ed-eroi-dallantichita-ai-nostri-giorni\/"},"modified":"2022-01-07T14:02:31","modified_gmt":"2022-01-07T13:02:31","slug":"dei-miti-ed-eroi-dallantichita-ai-nostri-giorni","status":"publish","type":"product","link":"https:\/\/gambinieditore.studiozerocinque.it\/?product=dei-miti-ed-eroi-dallantichita-ai-nostri-giorni","title":{"rendered":"D\u00e8i, miti ed eroi. Dall\u2019antichit\u00e0 ai nostri giorni"},"content":{"rendered":"<p>I miti sono stati la prima enciclopedia dei nostri antenati e ci permettono di conoscere meglio noi stessi e la realt\u00e0 che ci circonda.<br \/>Ma questo libro \u00e8 molto pi\u00f9 di un manuale: \u00e8 una passeggiata narrativa alla scoperta degli d\u00e8i e degli eroi della mitologia greca, protagonisti di storie sorprendenti e magiche, avventurose e romantiche, poetiche e terrificanti, che vengono raccontate da almeno tremila anni. Ce ne sono davvero per tutti i gusti.<\/p>\n","protected":false},"excerpt":{"rendered":"<p>Ilaria Pacchiarotti &#8220;D\u00e8i, miti ed eroi. Dall\u2019antichit\u00e0 ai nostri giorni&#8221; a cura di Fabrizio Ceccotti\u00a0<\/p>\n","protected":false},"featured_media":75,"comment_status":"open","ping_status":"closed","template":"","meta":[],"product_brand":[],"product_cat":[17,18,23,31,60],"product_tag":[],"class_list":{"0":"post-76","1":"product","2":"type-product","3":"status-publish","4":"has-post-thumbnail","6":"product_cat-catalogo","7":"product_cat-libri","8":"product_cat-fuori-collana","9":"product_cat-bambini-e-ragazzi","10":"product_cat-storia","12":"first","13":"instock","14":"shipping-taxable","15":"purchasable","16":"product-type-simple"},"yoast_head":"<!-- This site is optimized with the Yoast SEO plugin v25.9 - https:\/\/yoast.com\/wordpress\/plugins\/seo\/ -->\n<title>D\u00e8i, miti ed eroi. Dall\u2019antichit\u00e0 ai nostri giorni - Gambini Editore<\/title>\n<meta name=\"robots\" content=\"noindex, follow, max-snippet:-1, max-image-preview:large, max-video-preview:-1\" \/>\n<meta property=\"og:locale\" content=\"it_IT\" \/>\n<meta property=\"og:type\" content=\"article\" \/>\n<meta property=\"og:title\" content=\"D\u00e8i, miti ed eroi. Dall\u2019antichit\u00e0 ai nostri giorni - Gambini Editore\" \/>\n<meta property=\"og:description\" content=\"Ilaria Pacchiarotti &quot;D\u00e8i, miti ed eroi. Dall\u2019antichit\u00e0 ai nostri giorni&quot; a cura di Fabrizio Ceccotti\u00a0\" \/>\n<meta property=\"og:url\" content=\"https:\/\/gambinieditore.studiozerocinque.it\/?product=dei-miti-ed-eroi-dallantichita-ai-nostri-giorni\" \/>\n<meta property=\"og:site_name\" content=\"Gambini Editore\" \/>\n<meta property=\"og:image\" content=\"https:\/\/gambinieditore.studiozerocinque.it\/wp-content\/uploads\/2022\/01\/47-Dei-miti-ed-eroi.-Dallantichita-ai-nostri-giorni.jpg\" \/>\n\t<meta property=\"og:image:width\" content=\"857\" \/>\n\t<meta property=\"og:image:height\" content=\"1211\" \/>\n\t<meta property=\"og:image:type\" content=\"image\/jpeg\" \/>\n<meta name=\"twitter:card\" content=\"summary_large_image\" \/>\n<script type=\"application\/ld+json\" class=\"yoast-schema-graph\">{\"@context\":\"https:\/\/schema.org\",\"@graph\":[{\"@type\":\"WebPage\",\"@id\":\"https:\/\/gambinieditore.studiozerocinque.it\/?product=dei-miti-ed-eroi-dallantichita-ai-nostri-giorni\",\"url\":\"https:\/\/gambinieditore.studiozerocinque.it\/?product=dei-miti-ed-eroi-dallantichita-ai-nostri-giorni\",\"name\":\"D\u00e8i, miti ed eroi. Dall\u2019antichit\u00e0 ai nostri giorni - Gambini Editore\",\"isPartOf\":{\"@id\":\"https:\/\/gambinieditore.studiozerocinque.it\/#website\"},\"primaryImageOfPage\":{\"@id\":\"https:\/\/gambinieditore.studiozerocinque.it\/?product=dei-miti-ed-eroi-dallantichita-ai-nostri-giorni#primaryimage\"},\"image\":{\"@id\":\"https:\/\/gambinieditore.studiozerocinque.it\/?product=dei-miti-ed-eroi-dallantichita-ai-nostri-giorni#primaryimage\"},\"thumbnailUrl\":\"https:\/\/gambinieditore.studiozerocinque.it\/wp-content\/uploads\/2022\/01\/47-Dei-miti-ed-eroi.-Dallantichita-ai-nostri-giorni.jpg\",\"datePublished\":\"2022-01-07T13:02:31+00:00\",\"breadcrumb\":{\"@id\":\"https:\/\/gambinieditore.studiozerocinque.it\/?product=dei-miti-ed-eroi-dallantichita-ai-nostri-giorni#breadcrumb\"},\"inLanguage\":\"it-IT\",\"potentialAction\":[{\"@type\":\"ReadAction\",\"target\":[\"https:\/\/gambinieditore.studiozerocinque.it\/?product=dei-miti-ed-eroi-dallantichita-ai-nostri-giorni\"]}]},{\"@type\":\"ImageObject\",\"inLanguage\":\"it-IT\",\"@id\":\"https:\/\/gambinieditore.studiozerocinque.it\/?product=dei-miti-ed-eroi-dallantichita-ai-nostri-giorni#primaryimage\",\"url\":\"https:\/\/gambinieditore.studiozerocinque.it\/wp-content\/uploads\/2022\/01\/47-Dei-miti-ed-eroi.-Dallantichita-ai-nostri-giorni.jpg\",\"contentUrl\":\"https:\/\/gambinieditore.studiozerocinque.it\/wp-content\/uploads\/2022\/01\/47-Dei-miti-ed-eroi.-Dallantichita-ai-nostri-giorni.jpg\",\"width\":857,\"height\":1211,\"caption\":\"D\u00e8i, miti ed eroi. Dall\u2019antichit\u00e0 ai nostri giorni\"},{\"@type\":\"BreadcrumbList\",\"@id\":\"https:\/\/gambinieditore.studiozerocinque.it\/?product=dei-miti-ed-eroi-dallantichita-ai-nostri-giorni#breadcrumb\",\"itemListElement\":[{\"@type\":\"ListItem\",\"position\":1,\"name\":\"Home\",\"item\":\"https:\/\/gambinieditore.studiozerocinque.it\/\"},{\"@type\":\"ListItem\",\"position\":2,\"name\":\"Catalogo\",\"item\":\"https:\/\/gambinieditore.studiozerocinque.it\/?page_id=7\"},{\"@type\":\"ListItem\",\"position\":3,\"name\":\"D\u00e8i, miti ed eroi. Dall\u2019antichit\u00e0 ai nostri giorni\"}]},{\"@type\":\"WebSite\",\"@id\":\"https:\/\/gambinieditore.studiozerocinque.it\/#website\",\"url\":\"https:\/\/gambinieditore.studiozerocinque.it\/\",\"name\":\"Gambini Editore\",\"description\":\"\",\"potentialAction\":[{\"@type\":\"SearchAction\",\"target\":{\"@type\":\"EntryPoint\",\"urlTemplate\":\"https:\/\/gambinieditore.studiozerocinque.it\/?s={search_term_string}\"},\"query-input\":{\"@type\":\"PropertyValueSpecification\",\"valueRequired\":true,\"valueName\":\"search_term_string\"}}],\"inLanguage\":\"it-IT\"}]}<\/script>\n<!-- \/ Yoast SEO plugin. -->","yoast_head_json":{"title":"D\u00e8i, miti ed eroi. Dall\u2019antichit\u00e0 ai nostri giorni - Gambini Editore","robots":{"index":"noindex","follow":"follow","max-snippet":"max-snippet:-1","max-image-preview":"max-image-preview:large","max-video-preview":"max-video-preview:-1"},"og_locale":"it_IT","og_type":"article","og_title":"D\u00e8i, miti ed eroi. Dall\u2019antichit\u00e0 ai nostri giorni - Gambini Editore","og_description":"Ilaria Pacchiarotti \"D\u00e8i, miti ed eroi. Dall\u2019antichit\u00e0 ai nostri giorni\" a cura di Fabrizio Ceccotti\u00a0","og_url":"https:\/\/gambinieditore.studiozerocinque.it\/?product=dei-miti-ed-eroi-dallantichita-ai-nostri-giorni","og_site_name":"Gambini Editore","og_image":[{"width":857,"height":1211,"url":"https:\/\/gambinieditore.studiozerocinque.it\/wp-content\/uploads\/2022\/01\/47-Dei-miti-ed-eroi.-Dallantichita-ai-nostri-giorni.jpg","type":"image\/jpeg"}],"twitter_card":"summary_large_image","schema":{"@context":"https:\/\/schema.org","@graph":[{"@type":"WebPage","@id":"https:\/\/gambinieditore.studiozerocinque.it\/?product=dei-miti-ed-eroi-dallantichita-ai-nostri-giorni","url":"https:\/\/gambinieditore.studiozerocinque.it\/?product=dei-miti-ed-eroi-dallantichita-ai-nostri-giorni","name":"D\u00e8i, miti ed eroi. Dall\u2019antichit\u00e0 ai nostri giorni - Gambini Editore","isPartOf":{"@id":"https:\/\/gambinieditore.studiozerocinque.it\/#website"},"primaryImageOfPage":{"@id":"https:\/\/gambinieditore.studiozerocinque.it\/?product=dei-miti-ed-eroi-dallantichita-ai-nostri-giorni#primaryimage"},"image":{"@id":"https:\/\/gambinieditore.studiozerocinque.it\/?product=dei-miti-ed-eroi-dallantichita-ai-nostri-giorni#primaryimage"},"thumbnailUrl":"https:\/\/gambinieditore.studiozerocinque.it\/wp-content\/uploads\/2022\/01\/47-Dei-miti-ed-eroi.-Dallantichita-ai-nostri-giorni.jpg","datePublished":"2022-01-07T13:02:31+00:00","breadcrumb":{"@id":"https:\/\/gambinieditore.studiozerocinque.it\/?product=dei-miti-ed-eroi-dallantichita-ai-nostri-giorni#breadcrumb"},"inLanguage":"it-IT","potentialAction":[{"@type":"ReadAction","target":["https:\/\/gambinieditore.studiozerocinque.it\/?product=dei-miti-ed-eroi-dallantichita-ai-nostri-giorni"]}]},{"@type":"ImageObject","inLanguage":"it-IT","@id":"https:\/\/gambinieditore.studiozerocinque.it\/?product=dei-miti-ed-eroi-dallantichita-ai-nostri-giorni#primaryimage","url":"https:\/\/gambinieditore.studiozerocinque.it\/wp-content\/uploads\/2022\/01\/47-Dei-miti-ed-eroi.-Dallantichita-ai-nostri-giorni.jpg","contentUrl":"https:\/\/gambinieditore.studiozerocinque.it\/wp-content\/uploads\/2022\/01\/47-Dei-miti-ed-eroi.-Dallantichita-ai-nostri-giorni.jpg","width":857,"height":1211,"caption":"D\u00e8i, miti ed eroi. Dall\u2019antichit\u00e0 ai nostri giorni"},{"@type":"BreadcrumbList","@id":"https:\/\/gambinieditore.studiozerocinque.it\/?product=dei-miti-ed-eroi-dallantichita-ai-nostri-giorni#breadcrumb","itemListElement":[{"@type":"ListItem","position":1,"name":"Home","item":"https:\/\/gambinieditore.studiozerocinque.it\/"},{"@type":"ListItem","position":2,"name":"Catalogo","item":"https:\/\/gambinieditore.studiozerocinque.it\/?page_id=7"},{"@type":"ListItem","position":3,"name":"D\u00e8i, miti ed eroi. Dall\u2019antichit\u00e0 ai nostri giorni"}]},{"@type":"WebSite","@id":"https:\/\/gambinieditore.studiozerocinque.it\/#website","url":"https:\/\/gambinieditore.studiozerocinque.it\/","name":"Gambini Editore","description":"","potentialAction":[{"@type":"SearchAction","target":{"@type":"EntryPoint","urlTemplate":"https:\/\/gambinieditore.studiozerocinque.it\/?s={search_term_string}"},"query-input":{"@type":"PropertyValueSpecification","valueRequired":true,"valueName":"search_term_string"}}],"inLanguage":"it-IT"}]}},"_links":{"self":[{"href":"https:\/\/gambinieditore.studiozerocinque.it\/index.php?rest_route=\/wp\/v2\/product\/76","targetHints":{"allow":["GET"]}}],"collection":[{"href":"https:\/\/gambinieditore.studiozerocinque.it\/index.php?rest_route=\/wp\/v2\/product"}],"about":[{"href":"https:\/\/gambinieditore.studiozerocinque.it\/index.php?rest_route=\/wp\/v2\/types\/product"}],"replies":[{"embeddable":true,"href":"https:\/\/gambinieditore.studiozerocinque.it\/index.php?rest_route=%2Fwp%2Fv2%2Fcomments&post=76"}],"wp:featuredmedia":[{"embeddable":true,"href":"https:\/\/gambinieditore.studiozerocinque.it\/index.php?rest_route=\/wp\/v2\/media\/75"}],"wp:attachment":[{"href":"https:\/\/gambinieditore.studiozerocinque.it\/index.php?rest_route=%2Fwp%2Fv2%2Fmedia&parent=76"}],"wp:term":[{"taxonomy":"product_brand","embeddable":true,"href":"https:\/\/gambinieditore.studiozerocinque.it\/index.php?rest_route=%2Fwp%2Fv2%2Fproduct_brand&post=76"},{"taxonomy":"product_cat","embeddable":true,"href":"https:\/\/gambinieditore.studiozerocinque.it\/index.php?rest_route=%2Fwp%2Fv2%2Fproduct_cat&post=76"},{"taxonomy":"product_tag","embeddable":true,"href":"https:\/\/gambinieditore.studiozerocinque.it\/index.php?rest_route=%2Fwp%2Fv2%2Fproduct_tag&post=76"}],"curies":[{"name":"wp","href":"https:\/\/api.w.org\/{rel}","templated":true}]}}