{"id":78,"date":"2022-01-13T09:40:47","date_gmt":"2022-01-13T08:40:47","guid":{"rendered":"https:\/\/gambinieditore.studiozerocinque.it\/prodotto\/l-alba-di-nuovo-racconto\/"},"modified":"2022-01-13T09:40:47","modified_gmt":"2022-01-13T08:40:47","slug":"l-alba-di-nuovo-racconto","status":"publish","type":"product","link":"https:\/\/gambinieditore.studiozerocinque.it\/?product=l-alba-di-nuovo-racconto","title":{"rendered":"L&#8217;alba di nuovo Racconto"},"content":{"rendered":"<p>\u201cChe cos\u2019\u00e8 la solitudine? Continuavo a chiedermelo fino a quando non conobbi degli amici che mi fecero completamente dimenticare l\u2019esistenza di quella parola. La nostra \u00e8 un\u2019amicizia talmente indissolubile che, nel mezzo di una pandemia mondiale, si \u00e8 fortificata ancora di pi\u00f9. Tutto procedeva per il verso giusto, fino all\u2019arrivo di quella notte di settembre: c\u2019era la morte davanti a me, riuscivo a sfiorarla con le mani, la vedevo avvicinarsi sempre di pi\u00f9. Qualcuno, lass\u00f9, decise che per me non era arrivato ancora il mani, la vedevo avvicinarsi sempre di pi\u00f9 momento\u2026 nonno Cristiano? Dio? Sinceramente non lo so, ma da quella notte la mia vita \u00e8 radicalmente cambiata e con lei il mio modo di affrontarla. Ho avuto un\u2019altra possibilit\u00e0 e voglio giocarmela al meglio.\u201d<\/p>\n","protected":false},"excerpt":{"rendered":"<p>\u201cChe cos\u2019\u00e8 la solitudine? Continuavo a chiedermelo fino a quando non conobbi degli amici che mi fecero completamente dimenticare l\u2019esistenza di quella parola. La nostra \u00e8 un\u2019amicizia talmente indissolubile che, nel mezzo di una pandemia mondiale, si \u00e8 fortificata ancora di pi\u00f9. Tutto procedeva per il verso giusto, fino all\u2019arrivo di quella notte di settembre: [&hellip;]<\/p>\n","protected":false},"featured_media":77,"comment_status":"open","ping_status":"closed","template":"","meta":[],"product_brand":[],"product_cat":[17,22,18,33],"product_tag":[],"class_list":{"0":"post-78","1":"product","2":"type-product","3":"status-publish","4":"has-post-thumbnail","6":"product_cat-catalogo","7":"product_cat-collane","8":"product_cat-libri","9":"product_cat-la-via-di-bauci-libri-d-esordio","11":"first","12":"instock","13":"shipping-taxable","14":"purchasable","15":"product-type-simple"},"yoast_head":"<!-- This site is optimized with the Yoast SEO plugin v25.9 - https:\/\/yoast.com\/wordpress\/plugins\/seo\/ -->\n<title>L&#039;alba di nuovo Racconto - Gambini Editore<\/title>\n<meta name=\"robots\" content=\"noindex, follow, max-snippet:-1, max-image-preview:large, max-video-preview:-1\" \/>\n<meta property=\"og:locale\" content=\"it_IT\" \/>\n<meta property=\"og:type\" content=\"article\" \/>\n<meta property=\"og:title\" content=\"L&#039;alba di nuovo Racconto - Gambini Editore\" \/>\n<meta property=\"og:description\" content=\"\u201cChe cos\u2019\u00e8 la solitudine? Continuavo a chiedermelo fino a quando non conobbi degli amici che mi fecero completamente dimenticare l\u2019esistenza di quella parola. La nostra \u00e8 un\u2019amicizia talmente indissolubile che, nel mezzo di una pandemia mondiale, si \u00e8 fortificata ancora di pi\u00f9. Tutto procedeva per il verso giusto, fino all\u2019arrivo di quella notte di settembre: [&hellip;]\" \/>\n<meta property=\"og:url\" content=\"https:\/\/gambinieditore.studiozerocinque.it\/?product=l-alba-di-nuovo-racconto\" \/>\n<meta property=\"og:site_name\" content=\"Gambini Editore\" \/>\n<meta property=\"og:image\" content=\"https:\/\/gambinieditore.studiozerocinque.it\/wp-content\/uploads\/2022\/01\/48-Lalba-di-nuovo-Racconto.jpg\" \/>\n\t<meta property=\"og:image:width\" content=\"857\" \/>\n\t<meta property=\"og:image:height\" content=\"1211\" \/>\n\t<meta property=\"og:image:type\" content=\"image\/jpeg\" \/>\n<meta name=\"twitter:card\" content=\"summary_large_image\" \/>\n<meta name=\"twitter:label1\" content=\"Tempo di lettura stimato\" \/>\n\t<meta name=\"twitter:data1\" content=\"1 minuto\" \/>\n<script type=\"application\/ld+json\" class=\"yoast-schema-graph\">{\"@context\":\"https:\/\/schema.org\",\"@graph\":[{\"@type\":\"WebPage\",\"@id\":\"https:\/\/gambinieditore.studiozerocinque.it\/?product=l-alba-di-nuovo-racconto\",\"url\":\"https:\/\/gambinieditore.studiozerocinque.it\/?product=l-alba-di-nuovo-racconto\",\"name\":\"L'alba di nuovo Racconto - Gambini Editore\",\"isPartOf\":{\"@id\":\"https:\/\/gambinieditore.studiozerocinque.it\/#website\"},\"primaryImageOfPage\":{\"@id\":\"https:\/\/gambinieditore.studiozerocinque.it\/?product=l-alba-di-nuovo-racconto#primaryimage\"},\"image\":{\"@id\":\"https:\/\/gambinieditore.studiozerocinque.it\/?product=l-alba-di-nuovo-racconto#primaryimage\"},\"thumbnailUrl\":\"https:\/\/gambinieditore.studiozerocinque.it\/wp-content\/uploads\/2022\/01\/48-Lalba-di-nuovo-Racconto.jpg\",\"datePublished\":\"2022-01-13T08:40:47+00:00\",\"breadcrumb\":{\"@id\":\"https:\/\/gambinieditore.studiozerocinque.it\/?product=l-alba-di-nuovo-racconto#breadcrumb\"},\"inLanguage\":\"it-IT\",\"potentialAction\":[{\"@type\":\"ReadAction\",\"target\":[\"https:\/\/gambinieditore.studiozerocinque.it\/?product=l-alba-di-nuovo-racconto\"]}]},{\"@type\":\"ImageObject\",\"inLanguage\":\"it-IT\",\"@id\":\"https:\/\/gambinieditore.studiozerocinque.it\/?product=l-alba-di-nuovo-racconto#primaryimage\",\"url\":\"https:\/\/gambinieditore.studiozerocinque.it\/wp-content\/uploads\/2022\/01\/48-Lalba-di-nuovo-Racconto.jpg\",\"contentUrl\":\"https:\/\/gambinieditore.studiozerocinque.it\/wp-content\/uploads\/2022\/01\/48-Lalba-di-nuovo-Racconto.jpg\",\"width\":857,\"height\":1211,\"caption\":\"L'alba di nuovo Racconto\"},{\"@type\":\"BreadcrumbList\",\"@id\":\"https:\/\/gambinieditore.studiozerocinque.it\/?product=l-alba-di-nuovo-racconto#breadcrumb\",\"itemListElement\":[{\"@type\":\"ListItem\",\"position\":1,\"name\":\"Home\",\"item\":\"https:\/\/gambinieditore.studiozerocinque.it\/\"},{\"@type\":\"ListItem\",\"position\":2,\"name\":\"Catalogo\",\"item\":\"https:\/\/gambinieditore.studiozerocinque.it\/?page_id=7\"},{\"@type\":\"ListItem\",\"position\":3,\"name\":\"L&#8217;alba di nuovo Racconto\"}]},{\"@type\":\"WebSite\",\"@id\":\"https:\/\/gambinieditore.studiozerocinque.it\/#website\",\"url\":\"https:\/\/gambinieditore.studiozerocinque.it\/\",\"name\":\"Gambini Editore\",\"description\":\"\",\"potentialAction\":[{\"@type\":\"SearchAction\",\"target\":{\"@type\":\"EntryPoint\",\"urlTemplate\":\"https:\/\/gambinieditore.studiozerocinque.it\/?s={search_term_string}\"},\"query-input\":{\"@type\":\"PropertyValueSpecification\",\"valueRequired\":true,\"valueName\":\"search_term_string\"}}],\"inLanguage\":\"it-IT\"}]}<\/script>\n<!-- \/ Yoast SEO plugin. -->","yoast_head_json":{"title":"L'alba di nuovo Racconto - Gambini Editore","robots":{"index":"noindex","follow":"follow","max-snippet":"max-snippet:-1","max-image-preview":"max-image-preview:large","max-video-preview":"max-video-preview:-1"},"og_locale":"it_IT","og_type":"article","og_title":"L'alba di nuovo Racconto - Gambini Editore","og_description":"\u201cChe cos\u2019\u00e8 la solitudine? Continuavo a chiedermelo fino a quando non conobbi degli amici che mi fecero completamente dimenticare l\u2019esistenza di quella parola. La nostra \u00e8 un\u2019amicizia talmente indissolubile che, nel mezzo di una pandemia mondiale, si \u00e8 fortificata ancora di pi\u00f9. Tutto procedeva per il verso giusto, fino all\u2019arrivo di quella notte di settembre: [&hellip;]","og_url":"https:\/\/gambinieditore.studiozerocinque.it\/?product=l-alba-di-nuovo-racconto","og_site_name":"Gambini Editore","og_image":[{"width":857,"height":1211,"url":"https:\/\/gambinieditore.studiozerocinque.it\/wp-content\/uploads\/2022\/01\/48-Lalba-di-nuovo-Racconto.jpg","type":"image\/jpeg"}],"twitter_card":"summary_large_image","twitter_misc":{"Tempo di lettura stimato":"1 minuto"},"schema":{"@context":"https:\/\/schema.org","@graph":[{"@type":"WebPage","@id":"https:\/\/gambinieditore.studiozerocinque.it\/?product=l-alba-di-nuovo-racconto","url":"https:\/\/gambinieditore.studiozerocinque.it\/?product=l-alba-di-nuovo-racconto","name":"L'alba di nuovo Racconto - Gambini Editore","isPartOf":{"@id":"https:\/\/gambinieditore.studiozerocinque.it\/#website"},"primaryImageOfPage":{"@id":"https:\/\/gambinieditore.studiozerocinque.it\/?product=l-alba-di-nuovo-racconto#primaryimage"},"image":{"@id":"https:\/\/gambinieditore.studiozerocinque.it\/?product=l-alba-di-nuovo-racconto#primaryimage"},"thumbnailUrl":"https:\/\/gambinieditore.studiozerocinque.it\/wp-content\/uploads\/2022\/01\/48-Lalba-di-nuovo-Racconto.jpg","datePublished":"2022-01-13T08:40:47+00:00","breadcrumb":{"@id":"https:\/\/gambinieditore.studiozerocinque.it\/?product=l-alba-di-nuovo-racconto#breadcrumb"},"inLanguage":"it-IT","potentialAction":[{"@type":"ReadAction","target":["https:\/\/gambinieditore.studiozerocinque.it\/?product=l-alba-di-nuovo-racconto"]}]},{"@type":"ImageObject","inLanguage":"it-IT","@id":"https:\/\/gambinieditore.studiozerocinque.it\/?product=l-alba-di-nuovo-racconto#primaryimage","url":"https:\/\/gambinieditore.studiozerocinque.it\/wp-content\/uploads\/2022\/01\/48-Lalba-di-nuovo-Racconto.jpg","contentUrl":"https:\/\/gambinieditore.studiozerocinque.it\/wp-content\/uploads\/2022\/01\/48-Lalba-di-nuovo-Racconto.jpg","width":857,"height":1211,"caption":"L'alba di nuovo Racconto"},{"@type":"BreadcrumbList","@id":"https:\/\/gambinieditore.studiozerocinque.it\/?product=l-alba-di-nuovo-racconto#breadcrumb","itemListElement":[{"@type":"ListItem","position":1,"name":"Home","item":"https:\/\/gambinieditore.studiozerocinque.it\/"},{"@type":"ListItem","position":2,"name":"Catalogo","item":"https:\/\/gambinieditore.studiozerocinque.it\/?page_id=7"},{"@type":"ListItem","position":3,"name":"L&#8217;alba di nuovo Racconto"}]},{"@type":"WebSite","@id":"https:\/\/gambinieditore.studiozerocinque.it\/#website","url":"https:\/\/gambinieditore.studiozerocinque.it\/","name":"Gambini Editore","description":"","potentialAction":[{"@type":"SearchAction","target":{"@type":"EntryPoint","urlTemplate":"https:\/\/gambinieditore.studiozerocinque.it\/?s={search_term_string}"},"query-input":{"@type":"PropertyValueSpecification","valueRequired":true,"valueName":"search_term_string"}}],"inLanguage":"it-IT"}]}},"_links":{"self":[{"href":"https:\/\/gambinieditore.studiozerocinque.it\/index.php?rest_route=\/wp\/v2\/product\/78","targetHints":{"allow":["GET"]}}],"collection":[{"href":"https:\/\/gambinieditore.studiozerocinque.it\/index.php?rest_route=\/wp\/v2\/product"}],"about":[{"href":"https:\/\/gambinieditore.studiozerocinque.it\/index.php?rest_route=\/wp\/v2\/types\/product"}],"replies":[{"embeddable":true,"href":"https:\/\/gambinieditore.studiozerocinque.it\/index.php?rest_route=%2Fwp%2Fv2%2Fcomments&post=78"}],"wp:featuredmedia":[{"embeddable":true,"href":"https:\/\/gambinieditore.studiozerocinque.it\/index.php?rest_route=\/wp\/v2\/media\/77"}],"wp:attachment":[{"href":"https:\/\/gambinieditore.studiozerocinque.it\/index.php?rest_route=%2Fwp%2Fv2%2Fmedia&parent=78"}],"wp:term":[{"taxonomy":"product_brand","embeddable":true,"href":"https:\/\/gambinieditore.studiozerocinque.it\/index.php?rest_route=%2Fwp%2Fv2%2Fproduct_brand&post=78"},{"taxonomy":"product_cat","embeddable":true,"href":"https:\/\/gambinieditore.studiozerocinque.it\/index.php?rest_route=%2Fwp%2Fv2%2Fproduct_cat&post=78"},{"taxonomy":"product_tag","embeddable":true,"href":"https:\/\/gambinieditore.studiozerocinque.it\/index.php?rest_route=%2Fwp%2Fv2%2Fproduct_tag&post=78"}],"curies":[{"name":"wp","href":"https:\/\/api.w.org\/{rel}","templated":true}]}}